{"id":1334,"date":"2025-02-18T23:57:11","date_gmt":"2025-02-18T22:57:11","guid":{"rendered":"https:\/\/www.cigisped.it\/poliza-de-seguro-para-transporte-de-yates-y-embarcaciones\/"},"modified":"2025-07-27T09:59:10","modified_gmt":"2025-07-27T07:59:10","slug":"poliza-de-seguro-para-transporte-de-yates-y-embarcaciones","status":"publish","type":"page","link":"https:\/\/www.cigisped.it\/es\/poliza-de-seguro-para-transporte-de-yates-y-embarcaciones\/","title":{"rendered":"P\u00f3liza de seguro para transporte de yates y embarcaciones"},"content":{"rendered":"","protected":false},"excerpt":{"rendered":"","protected":false},"author":2,"featured_media":0,"parent":0,"menu_order":0,"comment_status":"open","ping_status":"closed","template":"","meta":{"footnotes":""},"class_list":["post-1334","page","type-page","status-publish","hentry"],"yoast_head":"<!-- This site is optimized with the Yoast SEO plugin v27.5 - https:\/\/yoast.com\/product\/yoast-seo-wordpress\/ -->\n<title>Cobertura de p\u00f3liza de seguro para barcos y yates<\/title>\n<meta name=\"description\" content=\"Cigisped ofrece peritajes t\u00e9cnicos de seguros, servicios de cobertura de p\u00f3lizas y supervisi\u00f3n de embarque, carga y descarga para el transporte mar\u00edtimo de barcos y yates.\" \/>\n<meta name=\"robots\" content=\"index, follow, max-snippet:-1, max-image-preview:large, max-video-preview:-1\" \/>\n<link rel=\"canonical\" href=\"https:\/\/www.cigisped.it\/es\/poliza-de-seguro-para-transporte-de-yates-y-embarcaciones\/\" \/>\n<meta property=\"og:locale\" content=\"es_ES\" \/>\n<meta property=\"og:type\" content=\"article\" \/>\n<meta property=\"og:title\" content=\"Cobertura de p\u00f3liza de seguro para barcos y yates\" \/>\n<meta property=\"og:description\" content=\"Cigisped ofrece peritajes t\u00e9cnicos de seguros, servicios de cobertura de p\u00f3lizas y supervisi\u00f3n de embarque, carga y descarga para el transporte mar\u00edtimo de barcos y yates.\" \/>\n<meta property=\"og:url\" content=\"https:\/\/www.cigisped.it\/es\/poliza-de-seguro-para-transporte-de-yates-y-embarcaciones\/\" \/>\n<meta property=\"og:site_name\" content=\"Cigisped\" \/>\n<meta property=\"article:publisher\" content=\"https:\/\/www.facebook.com\/cigispedgenova\/\" \/>\n<meta property=\"article:modified_time\" content=\"2025-07-27T07:59:10+00:00\" \/>\n<meta name=\"twitter:card\" content=\"summary_large_image\" \/>\n<script type=\"application\/ld+json\" class=\"yoast-schema-graph\">{\"@context\":\"https:\\\/\\\/schema.org\",\"@graph\":[{\"@type\":\"WebPage\",\"@id\":\"https:\\\/\\\/www.cigisped.it\\\/es\\\/poliza-de-seguro-para-transporte-de-yates-y-embarcaciones\\\/\",\"url\":\"https:\\\/\\\/www.cigisped.it\\\/es\\\/poliza-de-seguro-para-transporte-de-yates-y-embarcaciones\\\/\",\"name\":\"Cobertura de p\u00f3liza de seguro para barcos y yates\",\"isPartOf\":{\"@id\":\"https:\\\/\\\/www.cigisped.it\\\/es\\\/#website\"},\"datePublished\":\"2025-02-18T22:57:11+00:00\",\"dateModified\":\"2025-07-27T07:59:10+00:00\",\"description\":\"Cigisped ofrece peritajes t\u00e9cnicos de seguros, servicios de cobertura de p\u00f3lizas y supervisi\u00f3n de embarque, carga y descarga para el transporte mar\u00edtimo de barcos y yates.\",\"breadcrumb\":{\"@id\":\"https:\\\/\\\/www.cigisped.it\\\/es\\\/poliza-de-seguro-para-transporte-de-yates-y-embarcaciones\\\/#breadcrumb\"},\"inLanguage\":\"es\",\"potentialAction\":[{\"@type\":\"ReadAction\",\"target\":[\"https:\\\/\\\/www.cigisped.it\\\/es\\\/poliza-de-seguro-para-transporte-de-yates-y-embarcaciones\\\/\"]}]},{\"@type\":\"BreadcrumbList\",\"@id\":\"https:\\\/\\\/www.cigisped.it\\\/es\\\/poliza-de-seguro-para-transporte-de-yates-y-embarcaciones\\\/#breadcrumb\",\"itemListElement\":[{\"@type\":\"ListItem\",\"position\":1,\"name\":\"Home\",\"item\":\"https:\\\/\\\/www.cigisped.it\\\/es\\\/\"},{\"@type\":\"ListItem\",\"position\":2,\"name\":\"P\u00f3liza de seguro para transporte de yates y embarcaciones\"}]},{\"@type\":\"WebSite\",\"@id\":\"https:\\\/\\\/www.cigisped.it\\\/es\\\/#website\",\"url\":\"https:\\\/\\\/www.cigisped.it\\\/es\\\/\",\"name\":\"Cigisped\",\"description\":\"\",\"publisher\":{\"@id\":\"https:\\\/\\\/www.cigisped.it\\\/es\\\/#organization\"},\"potentialAction\":[{\"@type\":\"SearchAction\",\"target\":{\"@type\":\"EntryPoint\",\"urlTemplate\":\"https:\\\/\\\/www.cigisped.it\\\/es\\\/?s={search_term_string}\"},\"query-input\":{\"@type\":\"PropertyValueSpecification\",\"valueRequired\":true,\"valueName\":\"search_term_string\"}}],\"inLanguage\":\"es\"},{\"@type\":\"Organization\",\"@id\":\"https:\\\/\\\/www.cigisped.it\\\/es\\\/#organization\",\"name\":\"Cigisped\",\"url\":\"https:\\\/\\\/www.cigisped.it\\\/es\\\/\",\"logo\":{\"@type\":\"ImageObject\",\"inLanguage\":\"es\",\"@id\":\"https:\\\/\\\/www.cigisped.it\\\/es\\\/#\\\/schema\\\/logo\\\/image\\\/\",\"url\":\"https:\\\/\\\/www.cigisped.it\\\/wp-content\\\/uploads\\\/2025\\\/06\\\/cigisped-logo-footer-nero.png\",\"contentUrl\":\"https:\\\/\\\/www.cigisped.it\\\/wp-content\\\/uploads\\\/2025\\\/06\\\/cigisped-logo-footer-nero.png\",\"width\":180,\"height\":65,\"caption\":\"Cigisped\"},\"image\":{\"@id\":\"https:\\\/\\\/www.cigisped.it\\\/es\\\/#\\\/schema\\\/logo\\\/image\\\/\"},\"sameAs\":[\"https:\\\/\\\/www.facebook.com\\\/cigispedgenova\\\/\",\"https:\\\/\\\/www.flickr.com\\\/photos\\\/130558339@N02\\\/\",\"https:\\\/\\\/www.instagram.com\\\/cigisped_yacht_transport\\\/\"]}]}<\/script>\n<!-- \/ Yoast SEO plugin. -->","yoast_head_json":{"title":"Cobertura de p\u00f3liza de seguro para barcos y yates","description":"Cigisped ofrece peritajes t\u00e9cnicos de seguros, servicios de cobertura de p\u00f3lizas y supervisi\u00f3n de embarque, carga y descarga para el transporte mar\u00edtimo de barcos y yates.","robots":{"index":"index","follow":"follow","max-snippet":"max-snippet:-1","max-image-preview":"max-image-preview:large","max-video-preview":"max-video-preview:-1"},"canonical":"https:\/\/www.cigisped.it\/es\/poliza-de-seguro-para-transporte-de-yates-y-embarcaciones\/","og_locale":"es_ES","og_type":"article","og_title":"Cobertura de p\u00f3liza de seguro para barcos y yates","og_description":"Cigisped ofrece peritajes t\u00e9cnicos de seguros, servicios de cobertura de p\u00f3lizas y supervisi\u00f3n de embarque, carga y descarga para el transporte mar\u00edtimo de barcos y yates.","og_url":"https:\/\/www.cigisped.it\/es\/poliza-de-seguro-para-transporte-de-yates-y-embarcaciones\/","og_site_name":"Cigisped","article_publisher":"https:\/\/www.facebook.com\/cigispedgenova\/","article_modified_time":"2025-07-27T07:59:10+00:00","twitter_card":"summary_large_image","schema":{"@context":"https:\/\/schema.org","@graph":[{"@type":"WebPage","@id":"https:\/\/www.cigisped.it\/es\/poliza-de-seguro-para-transporte-de-yates-y-embarcaciones\/","url":"https:\/\/www.cigisped.it\/es\/poliza-de-seguro-para-transporte-de-yates-y-embarcaciones\/","name":"Cobertura de p\u00f3liza de seguro para barcos y yates","isPartOf":{"@id":"https:\/\/www.cigisped.it\/es\/#website"},"datePublished":"2025-02-18T22:57:11+00:00","dateModified":"2025-07-27T07:59:10+00:00","description":"Cigisped ofrece peritajes t\u00e9cnicos de seguros, servicios de cobertura de p\u00f3lizas y supervisi\u00f3n de embarque, carga y descarga para el transporte mar\u00edtimo de barcos y yates.","breadcrumb":{"@id":"https:\/\/www.cigisped.it\/es\/poliza-de-seguro-para-transporte-de-yates-y-embarcaciones\/#breadcrumb"},"inLanguage":"es","potentialAction":[{"@type":"ReadAction","target":["https:\/\/www.cigisped.it\/es\/poliza-de-seguro-para-transporte-de-yates-y-embarcaciones\/"]}]},{"@type":"BreadcrumbList","@id":"https:\/\/www.cigisped.it\/es\/poliza-de-seguro-para-transporte-de-yates-y-embarcaciones\/#breadcrumb","itemListElement":[{"@type":"ListItem","position":1,"name":"Home","item":"https:\/\/www.cigisped.it\/es\/"},{"@type":"ListItem","position":2,"name":"P\u00f3liza de seguro para transporte de yates y embarcaciones"}]},{"@type":"WebSite","@id":"https:\/\/www.cigisped.it\/es\/#website","url":"https:\/\/www.cigisped.it\/es\/","name":"Cigisped","description":"","publisher":{"@id":"https:\/\/www.cigisped.it\/es\/#organization"},"potentialAction":[{"@type":"SearchAction","target":{"@type":"EntryPoint","urlTemplate":"https:\/\/www.cigisped.it\/es\/?s={search_term_string}"},"query-input":{"@type":"PropertyValueSpecification","valueRequired":true,"valueName":"search_term_string"}}],"inLanguage":"es"},{"@type":"Organization","@id":"https:\/\/www.cigisped.it\/es\/#organization","name":"Cigisped","url":"https:\/\/www.cigisped.it\/es\/","logo":{"@type":"ImageObject","inLanguage":"es","@id":"https:\/\/www.cigisped.it\/es\/#\/schema\/logo\/image\/","url":"https:\/\/www.cigisped.it\/wp-content\/uploads\/2025\/06\/cigisped-logo-footer-nero.png","contentUrl":"https:\/\/www.cigisped.it\/wp-content\/uploads\/2025\/06\/cigisped-logo-footer-nero.png","width":180,"height":65,"caption":"Cigisped"},"image":{"@id":"https:\/\/www.cigisped.it\/es\/#\/schema\/logo\/image\/"},"sameAs":["https:\/\/www.facebook.com\/cigispedgenova\/","https:\/\/www.flickr.com\/photos\/130558339@N02\/","https:\/\/www.instagram.com\/cigisped_yacht_transport\/"]}]}},"_links":{"self":[{"href":"https:\/\/www.cigisped.it\/es\/wp-json\/wp\/v2\/pages\/1334","targetHints":{"allow":["GET"]}}],"collection":[{"href":"https:\/\/www.cigisped.it\/es\/wp-json\/wp\/v2\/pages"}],"about":[{"href":"https:\/\/www.cigisped.it\/es\/wp-json\/wp\/v2\/types\/page"}],"author":[{"embeddable":true,"href":"https:\/\/www.cigisped.it\/es\/wp-json\/wp\/v2\/users\/2"}],"replies":[{"embeddable":true,"href":"https:\/\/www.cigisped.it\/es\/wp-json\/wp\/v2\/comments?post=1334"}],"version-history":[{"count":1,"href":"https:\/\/www.cigisped.it\/es\/wp-json\/wp\/v2\/pages\/1334\/revisions"}],"predecessor-version":[{"id":1946,"href":"https:\/\/www.cigisped.it\/es\/wp-json\/wp\/v2\/pages\/1334\/revisions\/1946"}],"wp:attachment":[{"href":"https:\/\/www.cigisped.it\/es\/wp-json\/wp\/v2\/media?parent=1334"}],"curies":[{"name":"wp","href":"https:\/\/api.w.org\/{rel}","templated":true}]}}