{"id":1343,"date":"2025-03-12T16:56:55","date_gmt":"2025-03-12T15:56:55","guid":{"rendered":"https:\/\/www.cigisped.it\/asistencia-para-las-operaciones-de-aduana-en-import-y-export\/"},"modified":"2025-07-27T10:06:15","modified_gmt":"2025-07-27T08:06:15","slug":"asistencia-para-las-operaciones-de-aduana-en-import-y-export","status":"publish","type":"page","link":"https:\/\/www.cigisped.it\/es\/asistencia-para-las-operaciones-de-aduana-en-import-y-export\/","title":{"rendered":"Asistencia para las operaciones de aduana en import y export"},"content":{"rendered":"","protected":false},"excerpt":{"rendered":"","protected":false},"author":2,"featured_media":0,"parent":0,"menu_order":0,"comment_status":"open","ping_status":"closed","template":"","meta":{"footnotes":""},"class_list":["post-1343","page","type-page","status-publish","hentry"],"yoast_head":"<!-- This site is optimized with the Yoast SEO plugin v27.5 - https:\/\/yoast.com\/product\/yoast-seo-wordpress\/ -->\n<title>Asistencia Aduanera Importaci\u00f3n y Exportaci\u00f3n | Cigisped<\/title>\n<meta name=\"description\" content=\"Cigisped brinda asistencia aduanera para importaci\u00f3n y exportaci\u00f3n, asesor\u00eda documental, emisi\u00f3n de certificados, pre-desaduanaje y gesti\u00f3n de c\u00f3digos HS.\" \/>\n<meta name=\"robots\" content=\"index, follow, max-snippet:-1, max-image-preview:large, max-video-preview:-1\" \/>\n<link rel=\"canonical\" href=\"https:\/\/www.cigisped.it\/es\/asistencia-para-las-operaciones-de-aduana-en-import-y-export\/\" \/>\n<meta property=\"og:locale\" content=\"es_ES\" \/>\n<meta property=\"og:type\" content=\"article\" \/>\n<meta property=\"og:title\" content=\"Asistencia Aduanera Importaci\u00f3n y Exportaci\u00f3n | Cigisped\" \/>\n<meta property=\"og:description\" content=\"Cigisped brinda asistencia aduanera para importaci\u00f3n y exportaci\u00f3n, asesor\u00eda documental, emisi\u00f3n de certificados, pre-desaduanaje y gesti\u00f3n de c\u00f3digos HS.\" \/>\n<meta property=\"og:url\" content=\"https:\/\/www.cigisped.it\/es\/asistencia-para-las-operaciones-de-aduana-en-import-y-export\/\" \/>\n<meta property=\"og:site_name\" content=\"Cigisped\" \/>\n<meta property=\"article:publisher\" content=\"https:\/\/www.facebook.com\/cigispedgenova\/\" \/>\n<meta property=\"article:modified_time\" content=\"2025-07-27T08:06:15+00:00\" \/>\n<meta name=\"twitter:card\" content=\"summary_large_image\" \/>\n<script type=\"application\/ld+json\" class=\"yoast-schema-graph\">{\"@context\":\"https:\\\/\\\/schema.org\",\"@graph\":[{\"@type\":\"WebPage\",\"@id\":\"https:\\\/\\\/www.cigisped.it\\\/es\\\/asistencia-para-las-operaciones-de-aduana-en-import-y-export\\\/\",\"url\":\"https:\\\/\\\/www.cigisped.it\\\/es\\\/asistencia-para-las-operaciones-de-aduana-en-import-y-export\\\/\",\"name\":\"Asistencia Aduanera Importaci\u00f3n y Exportaci\u00f3n | Cigisped\",\"isPartOf\":{\"@id\":\"https:\\\/\\\/www.cigisped.it\\\/es\\\/#website\"},\"datePublished\":\"2025-03-12T15:56:55+00:00\",\"dateModified\":\"2025-07-27T08:06:15+00:00\",\"description\":\"Cigisped brinda asistencia aduanera para importaci\u00f3n y exportaci\u00f3n, asesor\u00eda documental, emisi\u00f3n de certificados, pre-desaduanaje y gesti\u00f3n de c\u00f3digos HS.\",\"breadcrumb\":{\"@id\":\"https:\\\/\\\/www.cigisped.it\\\/es\\\/asistencia-para-las-operaciones-de-aduana-en-import-y-export\\\/#breadcrumb\"},\"inLanguage\":\"es\",\"potentialAction\":[{\"@type\":\"ReadAction\",\"target\":[\"https:\\\/\\\/www.cigisped.it\\\/es\\\/asistencia-para-las-operaciones-de-aduana-en-import-y-export\\\/\"]}]},{\"@type\":\"BreadcrumbList\",\"@id\":\"https:\\\/\\\/www.cigisped.it\\\/es\\\/asistencia-para-las-operaciones-de-aduana-en-import-y-export\\\/#breadcrumb\",\"itemListElement\":[{\"@type\":\"ListItem\",\"position\":1,\"name\":\"Home\",\"item\":\"https:\\\/\\\/www.cigisped.it\\\/es\\\/\"},{\"@type\":\"ListItem\",\"position\":2,\"name\":\"Asistencia para las operaciones de aduana en import y export\"}]},{\"@type\":\"WebSite\",\"@id\":\"https:\\\/\\\/www.cigisped.it\\\/es\\\/#website\",\"url\":\"https:\\\/\\\/www.cigisped.it\\\/es\\\/\",\"name\":\"Cigisped\",\"description\":\"\",\"publisher\":{\"@id\":\"https:\\\/\\\/www.cigisped.it\\\/es\\\/#organization\"},\"potentialAction\":[{\"@type\":\"SearchAction\",\"target\":{\"@type\":\"EntryPoint\",\"urlTemplate\":\"https:\\\/\\\/www.cigisped.it\\\/es\\\/?s={search_term_string}\"},\"query-input\":{\"@type\":\"PropertyValueSpecification\",\"valueRequired\":true,\"valueName\":\"search_term_string\"}}],\"inLanguage\":\"es\"},{\"@type\":\"Organization\",\"@id\":\"https:\\\/\\\/www.cigisped.it\\\/es\\\/#organization\",\"name\":\"Cigisped\",\"url\":\"https:\\\/\\\/www.cigisped.it\\\/es\\\/\",\"logo\":{\"@type\":\"ImageObject\",\"inLanguage\":\"es\",\"@id\":\"https:\\\/\\\/www.cigisped.it\\\/es\\\/#\\\/schema\\\/logo\\\/image\\\/\",\"url\":\"https:\\\/\\\/www.cigisped.it\\\/wp-content\\\/uploads\\\/2025\\\/06\\\/cigisped-logo-footer-nero.png\",\"contentUrl\":\"https:\\\/\\\/www.cigisped.it\\\/wp-content\\\/uploads\\\/2025\\\/06\\\/cigisped-logo-footer-nero.png\",\"width\":180,\"height\":65,\"caption\":\"Cigisped\"},\"image\":{\"@id\":\"https:\\\/\\\/www.cigisped.it\\\/es\\\/#\\\/schema\\\/logo\\\/image\\\/\"},\"sameAs\":[\"https:\\\/\\\/www.facebook.com\\\/cigispedgenova\\\/\",\"https:\\\/\\\/www.flickr.com\\\/photos\\\/130558339@N02\\\/\",\"https:\\\/\\\/www.instagram.com\\\/cigisped_yacht_transport\\\/\"]}]}<\/script>\n<!-- \/ Yoast SEO plugin. -->","yoast_head_json":{"title":"Asistencia Aduanera Importaci\u00f3n y Exportaci\u00f3n | Cigisped","description":"Cigisped brinda asistencia aduanera para importaci\u00f3n y exportaci\u00f3n, asesor\u00eda documental, emisi\u00f3n de certificados, pre-desaduanaje y gesti\u00f3n de c\u00f3digos HS.","robots":{"index":"index","follow":"follow","max-snippet":"max-snippet:-1","max-image-preview":"max-image-preview:large","max-video-preview":"max-video-preview:-1"},"canonical":"https:\/\/www.cigisped.it\/es\/asistencia-para-las-operaciones-de-aduana-en-import-y-export\/","og_locale":"es_ES","og_type":"article","og_title":"Asistencia Aduanera Importaci\u00f3n y Exportaci\u00f3n | Cigisped","og_description":"Cigisped brinda asistencia aduanera para importaci\u00f3n y exportaci\u00f3n, asesor\u00eda documental, emisi\u00f3n de certificados, pre-desaduanaje y gesti\u00f3n de c\u00f3digos HS.","og_url":"https:\/\/www.cigisped.it\/es\/asistencia-para-las-operaciones-de-aduana-en-import-y-export\/","og_site_name":"Cigisped","article_publisher":"https:\/\/www.facebook.com\/cigispedgenova\/","article_modified_time":"2025-07-27T08:06:15+00:00","twitter_card":"summary_large_image","schema":{"@context":"https:\/\/schema.org","@graph":[{"@type":"WebPage","@id":"https:\/\/www.cigisped.it\/es\/asistencia-para-las-operaciones-de-aduana-en-import-y-export\/","url":"https:\/\/www.cigisped.it\/es\/asistencia-para-las-operaciones-de-aduana-en-import-y-export\/","name":"Asistencia Aduanera Importaci\u00f3n y Exportaci\u00f3n | Cigisped","isPartOf":{"@id":"https:\/\/www.cigisped.it\/es\/#website"},"datePublished":"2025-03-12T15:56:55+00:00","dateModified":"2025-07-27T08:06:15+00:00","description":"Cigisped brinda asistencia aduanera para importaci\u00f3n y exportaci\u00f3n, asesor\u00eda documental, emisi\u00f3n de certificados, pre-desaduanaje y gesti\u00f3n de c\u00f3digos HS.","breadcrumb":{"@id":"https:\/\/www.cigisped.it\/es\/asistencia-para-las-operaciones-de-aduana-en-import-y-export\/#breadcrumb"},"inLanguage":"es","potentialAction":[{"@type":"ReadAction","target":["https:\/\/www.cigisped.it\/es\/asistencia-para-las-operaciones-de-aduana-en-import-y-export\/"]}]},{"@type":"BreadcrumbList","@id":"https:\/\/www.cigisped.it\/es\/asistencia-para-las-operaciones-de-aduana-en-import-y-export\/#breadcrumb","itemListElement":[{"@type":"ListItem","position":1,"name":"Home","item":"https:\/\/www.cigisped.it\/es\/"},{"@type":"ListItem","position":2,"name":"Asistencia para las operaciones de aduana en import y export"}]},{"@type":"WebSite","@id":"https:\/\/www.cigisped.it\/es\/#website","url":"https:\/\/www.cigisped.it\/es\/","name":"Cigisped","description":"","publisher":{"@id":"https:\/\/www.cigisped.it\/es\/#organization"},"potentialAction":[{"@type":"SearchAction","target":{"@type":"EntryPoint","urlTemplate":"https:\/\/www.cigisped.it\/es\/?s={search_term_string}"},"query-input":{"@type":"PropertyValueSpecification","valueRequired":true,"valueName":"search_term_string"}}],"inLanguage":"es"},{"@type":"Organization","@id":"https:\/\/www.cigisped.it\/es\/#organization","name":"Cigisped","url":"https:\/\/www.cigisped.it\/es\/","logo":{"@type":"ImageObject","inLanguage":"es","@id":"https:\/\/www.cigisped.it\/es\/#\/schema\/logo\/image\/","url":"https:\/\/www.cigisped.it\/wp-content\/uploads\/2025\/06\/cigisped-logo-footer-nero.png","contentUrl":"https:\/\/www.cigisped.it\/wp-content\/uploads\/2025\/06\/cigisped-logo-footer-nero.png","width":180,"height":65,"caption":"Cigisped"},"image":{"@id":"https:\/\/www.cigisped.it\/es\/#\/schema\/logo\/image\/"},"sameAs":["https:\/\/www.facebook.com\/cigispedgenova\/","https:\/\/www.flickr.com\/photos\/130558339@N02\/","https:\/\/www.instagram.com\/cigisped_yacht_transport\/"]}]}},"_links":{"self":[{"href":"https:\/\/www.cigisped.it\/es\/wp-json\/wp\/v2\/pages\/1343","targetHints":{"allow":["GET"]}}],"collection":[{"href":"https:\/\/www.cigisped.it\/es\/wp-json\/wp\/v2\/pages"}],"about":[{"href":"https:\/\/www.cigisped.it\/es\/wp-json\/wp\/v2\/types\/page"}],"author":[{"embeddable":true,"href":"https:\/\/www.cigisped.it\/es\/wp-json\/wp\/v2\/users\/2"}],"replies":[{"embeddable":true,"href":"https:\/\/www.cigisped.it\/es\/wp-json\/wp\/v2\/comments?post=1343"}],"version-history":[{"count":1,"href":"https:\/\/www.cigisped.it\/es\/wp-json\/wp\/v2\/pages\/1343\/revisions"}],"predecessor-version":[{"id":1951,"href":"https:\/\/www.cigisped.it\/es\/wp-json\/wp\/v2\/pages\/1343\/revisions\/1951"}],"wp:attachment":[{"href":"https:\/\/www.cigisped.it\/es\/wp-json\/wp\/v2\/media?parent=1343"}],"curies":[{"name":"wp","href":"https:\/\/api.w.org\/{rel}","templated":true}]}}