{"id":1444,"date":"2025-04-03T23:00:13","date_gmt":"2025-04-03T21:00:13","guid":{"rendered":"https:\/\/www.cigisped.it\/marchandises-generales\/"},"modified":"2025-07-25T17:09:15","modified_gmt":"2025-07-25T15:09:15","slug":"marchandises-generales","status":"publish","type":"page","link":"https:\/\/www.cigisped.it\/fr\/marchandises-generales\/","title":{"rendered":"Marchandises g\u00e9n\u00e9rales"},"content":{"rendered":"","protected":false},"excerpt":{"rendered":"","protected":false},"author":2,"featured_media":0,"parent":0,"menu_order":0,"comment_status":"open","ping_status":"closed","template":"","meta":{"footnotes":""},"class_list":["post-1444","page","type-page","status-publish","hentry"],"yoast_head":"<!-- This site is optimized with the Yoast SEO plugin v27.5 - https:\/\/yoast.com\/product\/yoast-seo-wordpress\/ -->\n<title>Fret A\u00e9rien General Cargo | Marchandises Non Dangereuses S\u00e9curis\u00e9es \u2013 Cigisped<\/title>\n<meta name=\"description\" content=\"Cigisped propose le fret a\u00e9rien General Cargo pour marchandises non dangereuses avec gestion douani\u00e8re, d\u00e9lais rapides et solutions personnalis\u00e9es.\" \/>\n<meta name=\"robots\" content=\"index, follow, max-snippet:-1, max-image-preview:large, max-video-preview:-1\" \/>\n<link rel=\"canonical\" href=\"https:\/\/www.cigisped.it\/fr\/marchandises-generales\/\" \/>\n<meta property=\"og:locale\" content=\"fr_FR\" \/>\n<meta property=\"og:type\" content=\"article\" \/>\n<meta property=\"og:title\" content=\"Fret A\u00e9rien General Cargo | Marchandises Non Dangereuses S\u00e9curis\u00e9es \u2013 Cigisped\" \/>\n<meta property=\"og:description\" content=\"Cigisped propose le fret a\u00e9rien General Cargo pour marchandises non dangereuses avec gestion douani\u00e8re, d\u00e9lais rapides et solutions personnalis\u00e9es.\" \/>\n<meta property=\"og:url\" content=\"https:\/\/www.cigisped.it\/fr\/marchandises-generales\/\" \/>\n<meta property=\"og:site_name\" content=\"Cigisped\" \/>\n<meta property=\"article:publisher\" content=\"https:\/\/www.facebook.com\/cigispedgenova\/\" \/>\n<meta property=\"article:modified_time\" content=\"2025-07-25T15:09:15+00:00\" \/>\n<meta name=\"twitter:card\" content=\"summary_large_image\" \/>\n<script type=\"application\/ld+json\" class=\"yoast-schema-graph\">{\"@context\":\"https:\\\/\\\/schema.org\",\"@graph\":[{\"@type\":\"WebPage\",\"@id\":\"https:\\\/\\\/www.cigisped.it\\\/fr\\\/marchandises-generales\\\/\",\"url\":\"https:\\\/\\\/www.cigisped.it\\\/fr\\\/marchandises-generales\\\/\",\"name\":\"Fret A\u00e9rien General Cargo | Marchandises Non Dangereuses S\u00e9curis\u00e9es \u2013 Cigisped\",\"isPartOf\":{\"@id\":\"https:\\\/\\\/www.cigisped.it\\\/fr\\\/#website\"},\"datePublished\":\"2025-04-03T21:00:13+00:00\",\"dateModified\":\"2025-07-25T15:09:15+00:00\",\"description\":\"Cigisped propose le fret a\u00e9rien General Cargo pour marchandises non dangereuses avec gestion douani\u00e8re, d\u00e9lais rapides et solutions personnalis\u00e9es.\",\"breadcrumb\":{\"@id\":\"https:\\\/\\\/www.cigisped.it\\\/fr\\\/marchandises-generales\\\/#breadcrumb\"},\"inLanguage\":\"fr-FR\",\"potentialAction\":[{\"@type\":\"ReadAction\",\"target\":[\"https:\\\/\\\/www.cigisped.it\\\/fr\\\/marchandises-generales\\\/\"]}]},{\"@type\":\"BreadcrumbList\",\"@id\":\"https:\\\/\\\/www.cigisped.it\\\/fr\\\/marchandises-generales\\\/#breadcrumb\",\"itemListElement\":[{\"@type\":\"ListItem\",\"position\":1,\"name\":\"Home\",\"item\":\"https:\\\/\\\/www.cigisped.it\\\/fr\\\/\"},{\"@type\":\"ListItem\",\"position\":2,\"name\":\"Marchandises g\u00e9n\u00e9rales\"}]},{\"@type\":\"WebSite\",\"@id\":\"https:\\\/\\\/www.cigisped.it\\\/fr\\\/#website\",\"url\":\"https:\\\/\\\/www.cigisped.it\\\/fr\\\/\",\"name\":\"Cigisped\",\"description\":\"\",\"publisher\":{\"@id\":\"https:\\\/\\\/www.cigisped.it\\\/fr\\\/#organization\"},\"potentialAction\":[{\"@type\":\"SearchAction\",\"target\":{\"@type\":\"EntryPoint\",\"urlTemplate\":\"https:\\\/\\\/www.cigisped.it\\\/fr\\\/?s={search_term_string}\"},\"query-input\":{\"@type\":\"PropertyValueSpecification\",\"valueRequired\":true,\"valueName\":\"search_term_string\"}}],\"inLanguage\":\"fr-FR\"},{\"@type\":\"Organization\",\"@id\":\"https:\\\/\\\/www.cigisped.it\\\/fr\\\/#organization\",\"name\":\"Cigisped\",\"url\":\"https:\\\/\\\/www.cigisped.it\\\/fr\\\/\",\"logo\":{\"@type\":\"ImageObject\",\"inLanguage\":\"fr-FR\",\"@id\":\"https:\\\/\\\/www.cigisped.it\\\/fr\\\/#\\\/schema\\\/logo\\\/image\\\/\",\"url\":\"https:\\\/\\\/www.cigisped.it\\\/wp-content\\\/uploads\\\/2025\\\/06\\\/cigisped-logo-footer-nero.png\",\"contentUrl\":\"https:\\\/\\\/www.cigisped.it\\\/wp-content\\\/uploads\\\/2025\\\/06\\\/cigisped-logo-footer-nero.png\",\"width\":180,\"height\":65,\"caption\":\"Cigisped\"},\"image\":{\"@id\":\"https:\\\/\\\/www.cigisped.it\\\/fr\\\/#\\\/schema\\\/logo\\\/image\\\/\"},\"sameAs\":[\"https:\\\/\\\/www.facebook.com\\\/cigispedgenova\\\/\",\"https:\\\/\\\/www.flickr.com\\\/photos\\\/130558339@N02\\\/\",\"https:\\\/\\\/www.instagram.com\\\/cigisped_yacht_transport\\\/\"]}]}<\/script>\n<!-- \/ Yoast SEO plugin. -->","yoast_head_json":{"title":"Fret A\u00e9rien General Cargo | Marchandises Non Dangereuses S\u00e9curis\u00e9es \u2013 Cigisped","description":"Cigisped propose le fret a\u00e9rien General Cargo pour marchandises non dangereuses avec gestion douani\u00e8re, d\u00e9lais rapides et solutions personnalis\u00e9es.","robots":{"index":"index","follow":"follow","max-snippet":"max-snippet:-1","max-image-preview":"max-image-preview:large","max-video-preview":"max-video-preview:-1"},"canonical":"https:\/\/www.cigisped.it\/fr\/marchandises-generales\/","og_locale":"fr_FR","og_type":"article","og_title":"Fret A\u00e9rien General Cargo | Marchandises Non Dangereuses S\u00e9curis\u00e9es \u2013 Cigisped","og_description":"Cigisped propose le fret a\u00e9rien General Cargo pour marchandises non dangereuses avec gestion douani\u00e8re, d\u00e9lais rapides et solutions personnalis\u00e9es.","og_url":"https:\/\/www.cigisped.it\/fr\/marchandises-generales\/","og_site_name":"Cigisped","article_publisher":"https:\/\/www.facebook.com\/cigispedgenova\/","article_modified_time":"2025-07-25T15:09:15+00:00","twitter_card":"summary_large_image","schema":{"@context":"https:\/\/schema.org","@graph":[{"@type":"WebPage","@id":"https:\/\/www.cigisped.it\/fr\/marchandises-generales\/","url":"https:\/\/www.cigisped.it\/fr\/marchandises-generales\/","name":"Fret A\u00e9rien General Cargo | Marchandises Non Dangereuses S\u00e9curis\u00e9es \u2013 Cigisped","isPartOf":{"@id":"https:\/\/www.cigisped.it\/fr\/#website"},"datePublished":"2025-04-03T21:00:13+00:00","dateModified":"2025-07-25T15:09:15+00:00","description":"Cigisped propose le fret a\u00e9rien General Cargo pour marchandises non dangereuses avec gestion douani\u00e8re, d\u00e9lais rapides et solutions personnalis\u00e9es.","breadcrumb":{"@id":"https:\/\/www.cigisped.it\/fr\/marchandises-generales\/#breadcrumb"},"inLanguage":"fr-FR","potentialAction":[{"@type":"ReadAction","target":["https:\/\/www.cigisped.it\/fr\/marchandises-generales\/"]}]},{"@type":"BreadcrumbList","@id":"https:\/\/www.cigisped.it\/fr\/marchandises-generales\/#breadcrumb","itemListElement":[{"@type":"ListItem","position":1,"name":"Home","item":"https:\/\/www.cigisped.it\/fr\/"},{"@type":"ListItem","position":2,"name":"Marchandises g\u00e9n\u00e9rales"}]},{"@type":"WebSite","@id":"https:\/\/www.cigisped.it\/fr\/#website","url":"https:\/\/www.cigisped.it\/fr\/","name":"Cigisped","description":"","publisher":{"@id":"https:\/\/www.cigisped.it\/fr\/#organization"},"potentialAction":[{"@type":"SearchAction","target":{"@type":"EntryPoint","urlTemplate":"https:\/\/www.cigisped.it\/fr\/?s={search_term_string}"},"query-input":{"@type":"PropertyValueSpecification","valueRequired":true,"valueName":"search_term_string"}}],"inLanguage":"fr-FR"},{"@type":"Organization","@id":"https:\/\/www.cigisped.it\/fr\/#organization","name":"Cigisped","url":"https:\/\/www.cigisped.it\/fr\/","logo":{"@type":"ImageObject","inLanguage":"fr-FR","@id":"https:\/\/www.cigisped.it\/fr\/#\/schema\/logo\/image\/","url":"https:\/\/www.cigisped.it\/wp-content\/uploads\/2025\/06\/cigisped-logo-footer-nero.png","contentUrl":"https:\/\/www.cigisped.it\/wp-content\/uploads\/2025\/06\/cigisped-logo-footer-nero.png","width":180,"height":65,"caption":"Cigisped"},"image":{"@id":"https:\/\/www.cigisped.it\/fr\/#\/schema\/logo\/image\/"},"sameAs":["https:\/\/www.facebook.com\/cigispedgenova\/","https:\/\/www.flickr.com\/photos\/130558339@N02\/","https:\/\/www.instagram.com\/cigisped_yacht_transport\/"]}]}},"_links":{"self":[{"href":"https:\/\/www.cigisped.it\/fr\/wp-json\/wp\/v2\/pages\/1444","targetHints":{"allow":["GET"]}}],"collection":[{"href":"https:\/\/www.cigisped.it\/fr\/wp-json\/wp\/v2\/pages"}],"about":[{"href":"https:\/\/www.cigisped.it\/fr\/wp-json\/wp\/v2\/types\/page"}],"author":[{"embeddable":true,"href":"https:\/\/www.cigisped.it\/fr\/wp-json\/wp\/v2\/users\/2"}],"replies":[{"embeddable":true,"href":"https:\/\/www.cigisped.it\/fr\/wp-json\/wp\/v2\/comments?post=1444"}],"version-history":[{"count":1,"href":"https:\/\/www.cigisped.it\/fr\/wp-json\/wp\/v2\/pages\/1444\/revisions"}],"predecessor-version":[{"id":1928,"href":"https:\/\/www.cigisped.it\/fr\/wp-json\/wp\/v2\/pages\/1444\/revisions\/1928"}],"wp:attachment":[{"href":"https:\/\/www.cigisped.it\/fr\/wp-json\/wp\/v2\/media?parent=1444"}],"curies":[{"name":"wp","href":"https:\/\/api.w.org\/{rel}","templated":true}]}}